{"id":27,"date":"2020-02-25T11:50:00","date_gmt":"2020-02-25T10:50:00","guid":{"rendered":"http:\/\/obwodnicalowicza.pl\/?page_id=27"},"modified":"2021-03-15T18:12:50","modified_gmt":"2021-03-15T17:12:50","slug":"etap-ii","status":"publish","type":"page","link":"http:\/\/obwodnicalowicza.pl\/?page_id=27","title":{"rendered":"Etap II"},"content":{"rendered":"<p align=\"justify\"><span style=\"font-size: small; font-family: Arial, serif; color: #000000;\">Studium Techniczno-Ekonomiczno-\u015arodowiskowe z elementami koncepcji programowej &#8211; u\u015bci\u015blenie rozwi\u0105za\u0144 projektowych, badania geologiczne, decyzja \u015brodowiskowa, wyb\u00f3r rekomendowanego wariantu<\/span><\/p>\n ","protected":false},"excerpt":{"rendered":"<p>Studium Techniczno-Ekonomiczno-\u015arodowiskowe z elementami koncepcji programowej &#8211; u\u015bci\u015blenie rozwi\u0105za\u0144 projektowych, badania geologiczne, decyzja \u015brodowiskowa, wyb\u00f3r rekomendowanego wariantu<\/p>\n","protected":false},"author":1,"featured_media":0,"parent":17,"menu_order":0,"comment_status":"closed","ping_status":"closed","template":"","meta":{"ngg_post_thumbnail":0},"_links":{"self":[{"href":"http:\/\/obwodnicalowicza.pl\/index.php?rest_route=\/wp\/v2\/pages\/27"}],"collection":[{"href":"http:\/\/obwodnicalowicza.pl\/index.php?rest_route=\/wp\/v2\/pages"}],"about":[{"href":"http:\/\/obwodnicalowicza.pl\/index.php?rest_route=\/wp\/v2\/types\/page"}],"author":[{"embeddable":true,"href":"http:\/\/obwodnicalowicza.pl\/index.php?rest_route=\/wp\/v2\/users\/1"}],"replies":[{"embeddable":true,"href":"http:\/\/obwodnicalowicza.pl\/index.php?rest_route=%2Fwp%2Fv2%2Fcomments&post=27"}],"version-history":[{"count":5,"href":"http:\/\/obwodnicalowicza.pl\/index.php?rest_route=\/wp\/v2\/pages\/27\/revisions"}],"predecessor-version":[{"id":527,"href":"http:\/\/obwodnicalowicza.pl\/index.php?rest_route=\/wp\/v2\/pages\/27\/revisions\/527"}],"up":[{"embeddable":true,"href":"http:\/\/obwodnicalowicza.pl\/index.php?rest_route=\/wp\/v2\/pages\/17"}],"wp:attachment":[{"href":"http:\/\/obwodnicalowicza.pl\/index.php?rest_route=%2Fwp%2Fv2%2Fmedia&parent=27"}],"curies":[{"name":"wp","href":"https:\/\/api.w.org\/{rel}","templated":true}]}}