{"id":547,"date":"2021-03-16T22:19:52","date_gmt":"2021-03-16T21:19:52","guid":{"rendered":"http:\/\/obwodnicalowicza.pl\/?page_id=547"},"modified":"2021-03-17T08:31:49","modified_gmt":"2021-03-17T07:31:49","slug":"studium-korytarzowe","status":"publish","type":"page","link":"http:\/\/obwodnicalowicza.pl\/?page_id=547","title":{"rendered":"Studium korytarzowe"},"content":{"rendered":"<p><a href=\"http:\/\/obwodnicalowicza.pl\/wp-content\/uploads\/2021\/03\/Plan_sytuacyjny_Lowicz_v_02.jpg\"><img loading=\"lazy\" class=\"wp-image-567 size-large alignright\" src=\"http:\/\/obwodnicalowicza.pl\/wp-content\/uploads\/2021\/03\/Plan_sytuacyjny_Lowicz_v_02-1024x724.jpg\" alt=\"\" width=\"640\" height=\"453\" srcset=\"http:\/\/obwodnicalowicza.pl\/wp-content\/uploads\/2021\/03\/Plan_sytuacyjny_Lowicz_v_02-1024x724.jpg 1024w, http:\/\/obwodnicalowicza.pl\/wp-content\/uploads\/2021\/03\/Plan_sytuacyjny_Lowicz_v_02-300x212.jpg 300w, http:\/\/obwodnicalowicza.pl\/wp-content\/uploads\/2021\/03\/Plan_sytuacyjny_Lowicz_v_02-768x543.jpg 768w, http:\/\/obwodnicalowicza.pl\/wp-content\/uploads\/2021\/03\/Plan_sytuacyjny_Lowicz_v_02-1536x1087.jpg 1536w, http:\/\/obwodnicalowicza.pl\/wp-content\/uploads\/2021\/03\/Plan_sytuacyjny_Lowicz_v_02-2048x1449.jpg 2048w, http:\/\/obwodnicalowicza.pl\/wp-content\/uploads\/2021\/03\/Plan_sytuacyjny_Lowicz_v_02-340x240.jpg 340w\" sizes=\"(max-width: 640px) 100vw, 640px\" \/><\/a>Na etapie Studium Korytarzowego zostan\u0105 opracowane cztery warianty przebiegu obwodnicy. W miar\u0119 post\u0119pu prac projektowych poni\u017csze opisy dla poszczeg\u00f3lnych przebieg\u00f3w drogi b\u0119d\u0105 uszczeg\u00f3\u0142awiane o dodatkowe informacje zwi\u0105zane m. in. z lokalizacj\u0105 skrzy\u017cowa\u0144 i ich rodzaj\u00f3w, sposobu obs\u0142ugi teren\u00f3w przyleg\u0142ych oraz o informacje o obiektach in\u017cynierskich.<\/p>\n<p>Projektowana obwodnica b\u0119dzie stanowi\u0107 nowy przebieg dla dr\u00f3g krajowych nr 14, 70 i 92. Zaprojektowano sumarycznie cztery warianty przebiegu obwodnicy \u0141owicza \u2013 dwa warianty po stronie zachodniej i dwa warianty po stronie wschodniej miast. Ponadto, w ka\u017cdym z zaproponowanych wariant\u00f3w, projektowana obwodnica omija r\u00f3wnie\u017c \u0141owicz po jego p\u00f3\u0142nocnej stronie. W rezultacie projektowana droga b\u0119dzie stanowi\u0107 trzy czwarte ringu wok\u00f3\u0142 miasta.<\/p>\n<p>Wariant 1 (kolor b\u0142\u0119kitny) oraz wariant 2 (kolor r\u00f3\u017cowy) maj\u0105 pocz\u0105tek na drodze krajowej nr 14 po p\u00f3\u0142nocnej stronie \u0141owicza i stanowi\u0105 jego obej\u015bcie od strony zachodniej. Nast\u0119pnie od skrzy\u017cowania z drog\u0105 krajow\u0105 nr 92 projektowana obwodnica prowadzona jest po terenach zlokalizowanych po p\u00f3\u0142nocnej stronie miasta. Ko\u0144cowy Fragment stanowi odcinek pomi\u0119dzy drogami krajowymi nr 92 i 70. D\u0142ugo\u015bci tych wariant\u00f3w to ok 15,00 km dla wariantu 1 oraz ok 15,35km dla Wariantu 2.<\/p>\n<p>Wariant 3 (\u017c\u00f3\u0142ty) oraz wariant 4 (czerwony) maj\u0105 pocz\u0105tek w tym samym miejscu co warianty 1 oraz 2 czyli na drodze krajowej nr 14 po p\u00f3\u0142nocnej stronie \u0141owicza. Stanowi\u0105 one obej\u015bcie miasta od strony wschodniej. Nast\u0119pnie od skrzy\u017cowania z drog\u0105 krajow\u0105 nr 92 warianty te maj\u0105 przebieg analogiczny jak wariant 1 i 2 czyli prowadzone s\u0105 po terenach znajduj\u0105cych si\u0119 na p\u00f3\u0142noc od \u0141owicza. Ich koniec stanowi skrzy\u017cowanie na drodze krajowej nr 92. D\u0142ugo\u015bci opisywanych wariant\u00f3w to ok 14,00 km dla wariantu 3 oraz ok 15,00km dla Wariantu 4.<\/p>\n<pre>Do pobrania: <a href=\"http:\/\/obwodnicalowicza.pl\/wp-content\/uploads\/2021\/03\/Plan_sytuacyjny_Lowicz_v_02.pdf\">Plan_sytuacyjny_Lowicz_v_02.pdf<\/a>, wersja 20210315<\/pre>\n ","protected":false},"excerpt":{"rendered":"<p>Na etapie Studium Korytarzowego zostan\u0105 opracowane cztery warianty przebiegu obwodnicy. W miar\u0119 post\u0119pu prac projektowych poni\u017csze opisy dla poszczeg\u00f3lnych przebieg\u00f3w drogi b\u0119d\u0105 uszczeg\u00f3\u0142awiane o dodatkowe informacje zwi\u0105zane m. in. z lokalizacj\u0105 skrzy\u017cowa\u0144 i ich rodzaj\u00f3w, sposobu obs\u0142ugi teren\u00f3w przyleg\u0142ych oraz o informacje o obiektach in\u017cynierskich. Projektowana obwodnica b\u0119dzie stanowi\u0107 nowy przebieg dla dr\u00f3g krajowych nr 14, 70 i 92. Zaprojektowano sumarycznie cztery warianty przebiegu obwodnicy \u0141owicza \u2013 dwa warianty po&hellip;<\/p>\n","protected":false},"author":1,"featured_media":0,"parent":0,"menu_order":0,"comment_status":"closed","ping_status":"closed","template":"","meta":{"ngg_post_thumbnail":0},"_links":{"self":[{"href":"http:\/\/obwodnicalowicza.pl\/index.php?rest_route=\/wp\/v2\/pages\/547"}],"collection":[{"href":"http:\/\/obwodnicalowicza.pl\/index.php?rest_route=\/wp\/v2\/pages"}],"about":[{"href":"http:\/\/obwodnicalowicza.pl\/index.php?rest_route=\/wp\/v2\/types\/page"}],"author":[{"embeddable":true,"href":"http:\/\/obwodnicalowicza.pl\/index.php?rest_route=\/wp\/v2\/users\/1"}],"replies":[{"embeddable":true,"href":"http:\/\/obwodnicalowicza.pl\/index.php?rest_route=%2Fwp%2Fv2%2Fcomments&post=547"}],"version-history":[{"count":12,"href":"http:\/\/obwodnicalowicza.pl\/index.php?rest_route=\/wp\/v2\/pages\/547\/revisions"}],"predecessor-version":[{"id":594,"href":"http:\/\/obwodnicalowicza.pl\/index.php?rest_route=\/wp\/v2\/pages\/547\/revisions\/594"}],"wp:attachment":[{"href":"http:\/\/obwodnicalowicza.pl\/index.php?rest_route=%2Fwp%2Fv2%2Fmedia&parent=547"}],"curies":[{"name":"wp","href":"https:\/\/api.w.org\/{rel}","templated":true}]}}