{"id":614,"date":"2021-04-28T14:52:32","date_gmt":"2021-04-28T12:52:32","guid":{"rendered":"http:\/\/obwodnicalowicza.pl\/?page_id=614"},"modified":"2021-04-29T10:05:54","modified_gmt":"2021-04-29T08:05:54","slug":"inwentaryzacja-filmowa","status":"publish","type":"page","link":"http:\/\/obwodnicalowicza.pl\/?page_id=614","title":{"rendered":"Inwentaryzacja filmowa"},"content":{"rendered":"<p><iframe loading=\"lazy\" title=\"Obwodnica \u0141owicza w ci\u0105gu dr\u00f3g krajowych nr 14, 70 i 92 - Wariant 1\" width=\"640\" height=\"360\" src=\"https:\/\/www.youtube.com\/embed\/jJf9yWteRU8?feature=oembed\" frameborder=\"0\" allow=\"accelerometer; autoplay; clipboard-write; encrypted-media; gyroscope; picture-in-picture\" allowfullscreen><\/iframe><\/p>\n<p><iframe loading=\"lazy\" title=\"Obwodnica \u0141owicza w ci\u0105gu dr\u00f3g krajowych nr 14, 70 i 92 - Wariant 2\" width=\"640\" height=\"360\" src=\"https:\/\/www.youtube.com\/embed\/yOhBeWi6m_c?feature=oembed\" frameborder=\"0\" allow=\"accelerometer; autoplay; clipboard-write; encrypted-media; gyroscope; picture-in-picture\" allowfullscreen><\/iframe><\/p>\n<p><iframe loading=\"lazy\" title=\"Obwodnica \u0141owicza w ci\u0105gu dr\u00f3g krajowych nr 14, 70 i 92 - Wariant 3\" width=\"640\" height=\"360\" src=\"https:\/\/www.youtube.com\/embed\/VV0Je5q4XMk?feature=oembed\" frameborder=\"0\" allow=\"accelerometer; autoplay; clipboard-write; encrypted-media; gyroscope; picture-in-picture\" allowfullscreen><\/iframe><\/p>\n<p><iframe loading=\"lazy\" title=\"Obwodnica \u0141owicza w ci\u0105gu dr\u00f3g krajowych nr 14, 70 i 92 - Wariant 4\" width=\"640\" height=\"360\" src=\"https:\/\/www.youtube.com\/embed\/kJhvqIJmQPM?feature=oembed\" frameborder=\"0\" allow=\"accelerometer; autoplay; clipboard-write; encrypted-media; gyroscope; picture-in-picture\" allowfullscreen><\/iframe><\/p>\n ","protected":false},"excerpt":{"rendered":"","protected":false},"author":1,"featured_media":0,"parent":0,"menu_order":0,"comment_status":"closed","ping_status":"closed","template":"","meta":{"ngg_post_thumbnail":0},"_links":{"self":[{"href":"http:\/\/obwodnicalowicza.pl\/index.php?rest_route=\/wp\/v2\/pages\/614"}],"collection":[{"href":"http:\/\/obwodnicalowicza.pl\/index.php?rest_route=\/wp\/v2\/pages"}],"about":[{"href":"http:\/\/obwodnicalowicza.pl\/index.php?rest_route=\/wp\/v2\/types\/page"}],"author":[{"embeddable":true,"href":"http:\/\/obwodnicalowicza.pl\/index.php?rest_route=\/wp\/v2\/users\/1"}],"replies":[{"embeddable":true,"href":"http:\/\/obwodnicalowicza.pl\/index.php?rest_route=%2Fwp%2Fv2%2Fcomments&post=614"}],"version-history":[{"count":3,"href":"http:\/\/obwodnicalowicza.pl\/index.php?rest_route=\/wp\/v2\/pages\/614\/revisions"}],"predecessor-version":[{"id":618,"href":"http:\/\/obwodnicalowicza.pl\/index.php?rest_route=\/wp\/v2\/pages\/614\/revisions\/618"}],"wp:attachment":[{"href":"http:\/\/obwodnicalowicza.pl\/index.php?rest_route=%2Fwp%2Fv2%2Fmedia&parent=614"}],"curies":[{"name":"wp","href":"https:\/\/api.w.org\/{rel}","templated":true}]}}