{"id":677,"date":"2021-11-03T13:37:46","date_gmt":"2021-11-03T12:37:46","guid":{"rendered":"http:\/\/obwodnicalowicza.pl\/?page_id=677"},"modified":"2021-11-03T13:46:12","modified_gmt":"2021-11-03T12:46:12","slug":"raport-z-dzialan-informacyjnych","status":"publish","type":"page","link":"http:\/\/obwodnicalowicza.pl\/?page_id=677","title":{"rendered":"Raport z dzia\u0142a\u0144 informacyjnych"},"content":{"rendered":"<p><a class=\"_ps2id\" href=\"http:\/\/obwodnicalowicza.pl\/wp-content\/uploads\/2021\/11\/Raport-z-dzialan-informacyjnych.pdf\" data-ps2id-offset=\"\">Raport z dzia\u0142a\u0144 informacyjnych<\/a><\/p>\n<p><a class=\"_ps2id\" href=\"http:\/\/obwodnicalowicza.pl\/wp-content\/uploads\/2021\/11\/Zal-1_Lowicz_Wnioski_Odpowiedzi_ANONIM.pdf\" data-ps2id-offset=\"\">Za\u0142 1_\u0141owicz_Wnioski_Odpowiedzi_ANONIM<\/a><\/p>\n<p><a class=\"_ps2id\" href=\"http:\/\/obwodnicalowicza.pl\/?page_id=681\" data-ps2id-offset=\"\">Za\u0142.2 Korekty przebieg\u00f3w obwodnicy w wyniku prowadzonych dzia\u0142a\u0144 informacyjnych<\/a><\/p>\n ","protected":false},"excerpt":{"rendered":"<p>Raport z dzia\u0142a\u0144 informacyjnych Za\u0142 1_\u0141owicz_Wnioski_Odpowiedzi_ANONIM Za\u0142.2 Korekty przebieg\u00f3w obwodnicy w wyniku prowadzonych dzia\u0142a\u0144 informacyjnych<\/p>\n","protected":false},"author":1,"featured_media":0,"parent":0,"menu_order":0,"comment_status":"closed","ping_status":"closed","template":"","meta":{"ngg_post_thumbnail":0},"_links":{"self":[{"href":"http:\/\/obwodnicalowicza.pl\/index.php?rest_route=\/wp\/v2\/pages\/677"}],"collection":[{"href":"http:\/\/obwodnicalowicza.pl\/index.php?rest_route=\/wp\/v2\/pages"}],"about":[{"href":"http:\/\/obwodnicalowicza.pl\/index.php?rest_route=\/wp\/v2\/types\/page"}],"author":[{"embeddable":true,"href":"http:\/\/obwodnicalowicza.pl\/index.php?rest_route=\/wp\/v2\/users\/1"}],"replies":[{"embeddable":true,"href":"http:\/\/obwodnicalowicza.pl\/index.php?rest_route=%2Fwp%2Fv2%2Fcomments&post=677"}],"version-history":[{"count":4,"href":"http:\/\/obwodnicalowicza.pl\/index.php?rest_route=\/wp\/v2\/pages\/677\/revisions"}],"predecessor-version":[{"id":688,"href":"http:\/\/obwodnicalowicza.pl\/index.php?rest_route=\/wp\/v2\/pages\/677\/revisions\/688"}],"wp:attachment":[{"href":"http:\/\/obwodnicalowicza.pl\/index.php?rest_route=%2Fwp%2Fv2%2Fmedia&parent=677"}],"curies":[{"name":"wp","href":"https:\/\/api.w.org\/{rel}","templated":true}]}}