{"id":870,"date":"2023-07-11T09:51:42","date_gmt":"2023-07-11T07:51:42","guid":{"rendered":"http:\/\/obwodnicalowicza.pl\/?page_id=870"},"modified":"2023-07-12T07:58:01","modified_gmt":"2023-07-12T05:58:01","slug":"podsumowane-dzialan-informacyjnych","status":"publish","type":"page","link":"http:\/\/obwodnicalowicza.pl\/?page_id=870","title":{"rendered":"Podsumowane dzia\u0142a\u0144 informacyjnych"},"content":{"rendered":"<p><a href=\"http:\/\/obwodnicalowicza.pl\/wp-content\/uploads\/2023\/07\/L_d_legenda-1.pdf\">\u0141_d_legenda-1<\/a><\/p>\n<p><a href=\"http:\/\/obwodnicalowicza.pl\/wp-content\/uploads\/2023\/07\/00_Orientacja_orto_stes-0.pdf\">00_Orientacja_orto_ste\u015b-0<\/a><\/p>\n<p><a href=\"http:\/\/obwodnicalowicza.pl\/wp-content\/uploads\/2023\/07\/L_I.I.1_Mat.promo_.pdf\">\u0141_I.I.1_Mat.promo<\/a><\/p>\n<p><a href=\"http:\/\/obwodnicalowicza.pl\/wp-content\/uploads\/2023\/07\/L_I.III_.1_Zest.wnisokow_ANONIM.pdf\">\u0141_I.III.1_Zest.wnisokow_ANONIM<\/a><\/p>\n<p><a href=\"http:\/\/obwodnicalowicza.pl\/wp-content\/uploads\/2023\/07\/L_I.III_.2_Zest.wnisokow_ANONIM.pdf\">\u0141_I.III.2_Zest.wnisokow_ANONIM<\/a><\/p>\n<p><a href=\"http:\/\/obwodnicalowicza.pl\/wp-content\/uploads\/2023\/07\/L_I.IV_Zest.wynikow.pdf\">\u0141_I.IV_Zest.wynikow<\/a><\/p>\n<p><a href=\"http:\/\/obwodnicalowicza.pl\/?page_id=882\">WA Plany sytuacyjne<\/a><\/p>\n<p><a href=\"http:\/\/obwodnicalowicza.pl\/?page_id=902\">WB Plany sytuacyjne<\/a><\/p>\n<p><a href=\"http:\/\/obwodnicalowicza.pl\/?page_id=920\">WC Plany sytuacyjne<\/a><\/p>\n ","protected":false},"excerpt":{"rendered":"<p>\u0141_d_legenda-1 00_Orientacja_orto_ste\u015b-0 \u0141_I.I.1_Mat.promo \u0141_I.III.1_Zest.wnisokow_ANONIM \u0141_I.III.2_Zest.wnisokow_ANONIM \u0141_I.IV_Zest.wynikow WA Plany sytuacyjne WB Plany sytuacyjne WC Plany sytuacyjne<\/p>\n","protected":false},"author":1,"featured_media":0,"parent":0,"menu_order":0,"comment_status":"closed","ping_status":"closed","template":"","meta":{"ngg_post_thumbnail":0},"_links":{"self":[{"href":"http:\/\/obwodnicalowicza.pl\/index.php?rest_route=\/wp\/v2\/pages\/870"}],"collection":[{"href":"http:\/\/obwodnicalowicza.pl\/index.php?rest_route=\/wp\/v2\/pages"}],"about":[{"href":"http:\/\/obwodnicalowicza.pl\/index.php?rest_route=\/wp\/v2\/types\/page"}],"author":[{"embeddable":true,"href":"http:\/\/obwodnicalowicza.pl\/index.php?rest_route=\/wp\/v2\/users\/1"}],"replies":[{"embeddable":true,"href":"http:\/\/obwodnicalowicza.pl\/index.php?rest_route=%2Fwp%2Fv2%2Fcomments&post=870"}],"version-history":[{"count":9,"href":"http:\/\/obwodnicalowicza.pl\/index.php?rest_route=\/wp\/v2\/pages\/870\/revisions"}],"predecessor-version":[{"id":948,"href":"http:\/\/obwodnicalowicza.pl\/index.php?rest_route=\/wp\/v2\/pages\/870\/revisions\/948"}],"wp:attachment":[{"href":"http:\/\/obwodnicalowicza.pl\/index.php?rest_route=%2Fwp%2Fv2%2Fmedia&parent=870"}],"curies":[{"name":"wp","href":"https:\/\/api.w.org\/{rel}","templated":true}]}}